{"id":2215,"date":"2019-11-26T13:26:08","date_gmt":"2019-11-26T10:26:08","guid":{"rendered":"http:\/\/oidb2024.atauni.edu.tr\/?page_id=2215"},"modified":"2023-12-27T16:05:00","modified_gmt":"2023-12-27T13:05:00","slug":"katilimci-listesi","status":"publish","type":"page","link":"https:\/\/oidb2024.atauni.edu.tr\/index.php\/katilimci-listesi\/","title":{"rendered":"Kat\u0131l\u0131mc\u0131lar"},"content":{"rendered":"<p>[vc_row][vc_column][vc_column_text]<iframe loading=\"lazy\" src=\"https:\/\/oidb2024.atauni.edu.tr\/katilim\/katilimci.php\" width=\"1200px\" height=\"2000px\" scrolling=\"auto\" align=\"center\"><br \/>\n<\/iframe>[\/vc_column_text][\/vc_column][\/vc_row]<\/p>\n","protected":false},"excerpt":{"rendered":"<p>[vc_row][vc_column][vc_column_text] [\/vc_column_text][\/vc_column][\/vc_row]<\/p>\n","protected":false},"author":1,"featured_media":0,"parent":0,"menu_order":0,"comment_status":"closed","ping_status":"closed","template":"","meta":{"footnotes":""},"class_list":["post-2215","page","type-page","status-publish","hentry"],"_links":{"self":[{"href":"https:\/\/oidb2024.atauni.edu.tr\/index.php\/wp-json\/wp\/v2\/pages\/2215","targetHints":{"allow":["GET"]}}],"collection":[{"href":"https:\/\/oidb2024.atauni.edu.tr\/index.php\/wp-json\/wp\/v2\/pages"}],"about":[{"href":"https:\/\/oidb2024.atauni.edu.tr\/index.php\/wp-json\/wp\/v2\/types\/page"}],"author":[{"embeddable":true,"href":"https:\/\/oidb2024.atauni.edu.tr\/index.php\/wp-json\/wp\/v2\/users\/1"}],"replies":[{"embeddable":true,"href":"https:\/\/oidb2024.atauni.edu.tr\/index.php\/wp-json\/wp\/v2\/comments?post=2215"}],"version-history":[{"count":8,"href":"https:\/\/oidb2024.atauni.edu.tr\/index.php\/wp-json\/wp\/v2\/pages\/2215\/revisions"}],"predecessor-version":[{"id":2457,"href":"https:\/\/oidb2024.atauni.edu.tr\/index.php\/wp-json\/wp\/v2\/pages\/2215\/revisions\/2457"}],"wp:attachment":[{"href":"https:\/\/oidb2024.atauni.edu.tr\/index.php\/wp-json\/wp\/v2\/media?parent=2215"}],"curies":[{"name":"wp","href":"https:\/\/api.w.org\/{rel}","templated":true}]}}