{"id":2218,"date":"2019-11-26T13:27:08","date_gmt":"2019-11-26T10:27:08","guid":{"rendered":"http:\/\/oidb2024.atauni.edu.tr\/?page_id=2218"},"modified":"2024-05-24T16:27:22","modified_gmt":"2024-05-24T13:27:22","slug":"etkinlik-programi","status":"publish","type":"page","link":"https:\/\/oidb2024.atauni.edu.tr\/index.php\/etkinlik-programi\/","title":{"rendered":"Program"},"content":{"rendered":"<p>[vc_row][vc_column][vc_column_text]<\/p>\n<h1 style=\"text-align: center;\"><span style=\"font-size: 26px;\"><strong> 9. Y\u00dcKSEK\u00d6\u011eRET\u0130M KURUMLARI \u00d6\u011eRENC\u0130 \u0130\u015eLER\u0130 MEVZUAT UYGULAMA VE B\u0130RL\u0130KTEL\u0130K TOPLANTI PROGRAMI<\/strong><\/span><\/h1>\n<h1 style=\"text-align: center;\"><span style=\"font-size: 20px;\"><strong>(G\u00fcncelleme 24 May\u0131s 2024)\u00a0<\/strong><\/span><\/h1>\n<p>[\/vc_column_text][\/vc_column][\/vc_row][vc_row][vc_column][vc_column_text]<\/p>\n<table border=\"3\" width=\"846\">\n<tbody>\n<tr>\n<td style=\"text-align: center;\" width=\"142\"><span style=\"font-size: 16px;\"><strong>TAR\u0130H<\/strong><\/span><\/td>\n<td style=\"text-align: center;\" width=\"73\"><span style=\"font-size: 16px;\"><strong>SAAT<\/strong><\/span><\/td>\n<td style=\"text-align: center;\" width=\"299\"><span style=\"font-size: 16px;\"><strong>ETK\u0130NL\u0130K<\/strong><\/span><\/td>\n<td style=\"text-align: center;\" width=\"323\"><span style=\"font-size: 16px;\"><strong>YER<\/strong><\/span><\/td>\n<\/tr>\n<tr>\n<td style=\"text-align: center;\" width=\"142\"><span style=\"font-size: 16px;\">24 May\u0131s 2024 Cuma<\/span><\/td>\n<td width=\"73\"><\/td>\n<td style=\"text-align: center;\" width=\"299\"><span style=\"font-size: 16px;\">Otel giri\u015fleri<\/span><\/td>\n<td style=\"text-align: center;\" width=\"323\"><span style=\"font-size: 16px;\">Konak yerleri<\/span><\/td>\n<\/tr>\n<tr>\n<td style=\"text-align: center;\" rowspan=\"15\" width=\"112\"><span style=\"font-size: 16px;\">25 May\u0131s 2024 Cumartesi<\/span><\/td>\n<td width=\"57\">\n<p style=\"text-align: center;\"><span style=\"font-size: 16px;\">07.00<\/span><\/p>\n<p style=\"text-align: center;\"><span style=\"font-size: 16px;\">08.30<\/span><\/p>\n<\/td>\n<td style=\"text-align: center;\" width=\"236\"><span style=\"font-size: 16px;\">Kahvalt\u0131<\/span><\/td>\n<td style=\"text-align: center;\" width=\"255\"><span style=\"font-size: 16px;\">Konak yerleri<\/span><\/td>\n<\/tr>\n<tr>\n<td width=\"57\">\n<p style=\"text-align: center;\"><span style=\"font-size: 16px;\">08.30<\/span><\/p>\n<p style=\"text-align: center;\"><span style=\"font-size: 16px;\">09.30<\/span><\/p>\n<\/td>\n<td style=\"text-align: center;\" width=\"236\"><span style=\"font-size: 16px;\">Kay\u0131t<\/span><\/td>\n<td rowspan=\"5\" width=\"255\">\n<p style=\"text-align: center;\"><span style=\"font-size: 16px;\">Nenehatun K\u00fclt\u00fcr ve<\/span><\/p>\n<p style=\"text-align: center;\"><span style=\"font-size: 16px;\">G\u00f6steri Merkezi Ana Salon<\/span><\/p>\n<\/td>\n<\/tr>\n<tr>\n<td style=\"text-align: center;\" width=\"57\"><span style=\"font-size: 16px;\">09.30<\/span><br \/>\n<span style=\"font-size: 16px;\">10.00<\/span><\/td>\n<td width=\"236\">\n<p style=\"text-align: center;\"><span style=\"font-size: 16px;\">A\u00e7\u0131l\u0131\u015f<\/span><\/p>\n<\/td>\n<\/tr>\n<tr>\n<td width=\"57\">\n<p style=\"text-align: center;\"><span style=\"font-size: 16px;\">10.00<\/span><\/p>\n<p style=\"text-align: center;\"><span style=\"font-size: 16px;\">10.30<\/span><\/p>\n<\/td>\n<td width=\"236\">\n<p style=\"text-align: center;\"><span style=\"font-size: 16px;\">Sunum <\/span><\/p>\n<p style=\"text-align: center;\"><span style=\"font-size: 16px;\">Dijitalle\u015fme \u00c7al\u0131\u015fmalar\u0131 ve\u00a0 <\/span><\/p>\n<p style=\"text-align: center;\"><span style=\"font-size: 16px;\">\u00d6\u011frenci Bilgi Sistemi<\/span><\/p>\n<p style=\"text-align: center;\">(Do\u00e7. Dr. Serdar AYDIN)<\/p>\n<\/td>\n<\/tr>\n<tr>\n<td width=\"57\">\n<p style=\"text-align: center;\"><span style=\"font-size: 16px;\">10.30<\/span><\/p>\n<p style=\"text-align: center;\"><span style=\"font-size: 16px;\">10.45<\/span><\/p>\n<\/td>\n<td style=\"text-align: center;\" width=\"236\"><span style=\"font-size: 16px;\">\u00c7ay Molas\u0131<\/span><\/td>\n<\/tr>\n<tr>\n<td style=\"text-align: center;\" width=\"57\"><span style=\"font-size: 16px;\">10.45<\/span><br \/>\n<span style=\"font-size: 16px;\">12.00<\/span><\/td>\n<td width=\"236\">\n<p style=\"text-align: center;\"><span style=\"font-size: 16px;\"><strong>Y\u00d6KS\u0130S \u0130\u015flemleri<\/strong><\/span><\/p>\n<p style=\"text-align: center;\"><span style=\"font-size: 16px;\">G\u00fcvenlik, Veri Transferi, ABYS<\/span><\/p>\n<p style=\"text-align: center;\"><span style=\"font-size: 16px;\">Y\u00d6K Bilgi \u0130\u015flem Ekibi<\/span><\/p>\n<\/td>\n<\/tr>\n<tr>\n<td width=\"57\">\n<p style=\"text-align: center;\"><span style=\"font-size: 16px;\">12.00<\/span><\/p>\n<p style=\"text-align: center;\"><span style=\"font-size: 16px;\">13.30<\/span><\/p>\n<\/td>\n<td style=\"text-align: center;\" width=\"236\"><span style=\"font-size: 16px;\">Yemek<\/span><\/td>\n<td style=\"text-align: center;\" width=\"255\"><span style=\"font-size: 16px;\">Sosyal Tesisler<\/span><\/td>\n<\/tr>\n<tr>\n<td width=\"57\">\n<p style=\"text-align: center;\"><span style=\"font-size: 16px;\">13.30<\/span><\/p>\n<p style=\"text-align: center;\"><span style=\"font-size: 16px;\">14.15<\/span><\/p>\n<\/td>\n<td style=\"text-align: center;\" width=\"236\"><span style=\"font-size: 16px;\">Askerlik \u0130\u015flemleri<\/span><\/p>\n<p>Asker Alma Genel M\u00fcd\u00fcrl\u00fc\u011f\u00fc<\/td>\n<td style=\"text-align: center;\" rowspan=\"3\" width=\"255\"><span style=\"font-size: 16px;\">Nenehatun K\u00fclt\u00fcr ve G\u00f6steri Merkezi<\/span><\/p>\n<p><span style=\"font-size: 16px;\">Ana Salon<\/span><\/td>\n<\/tr>\n<tr>\n<td>\n<p style=\"text-align: center;\"><span style=\"font-size: 16px;\">14.15<\/span><\/p>\n<p style=\"text-align: center;\"><span style=\"font-size: 16px;\">15.00<\/span><\/p>\n<\/td>\n<td style=\"text-align: center;\" width=\"299\"><span style=\"font-size: 16px;\">\u0130kamet \u0130\u015flemleri<\/span><\/p>\n<p>Erzurum \u0130l G\u00f6\u00e7 \u0130daresi<\/td>\n<\/tr>\n<tr>\n<td>\n<p style=\"text-align: center;\"><span style=\"font-size: 16px;\">15.00<\/span><\/p>\n<p style=\"text-align: center;\"><span style=\"font-size: 16px;\">15.45<\/span><\/p>\n<\/td>\n<td style=\"text-align: center;\" width=\"299\"><span style=\"font-size: 16px;\">Burs, Kredi ve Yurt \u0130\u015flemleri<\/span><\/p>\n<p>Kredi ve Yurtlar Kurumu Genel M\u00fcd\u00fcrl\u00fc\u011f\u00fc<\/td>\n<\/tr>\n<tr>\n<td width=\"73\">\n<p style=\"text-align: center;\"><span style=\"font-size: 16px;\">15.45<\/span><\/p>\n<p style=\"text-align: center;\"><span style=\"font-size: 16px;\">16.15<\/span><\/p>\n<\/td>\n<td style=\"text-align: center;\" width=\"299\"><span style=\"font-size: 16px;\">\u00c7ay Molas\u0131<\/span><\/td>\n<td style=\"text-align: center;\" width=\"323\"><span style=\"font-size: 16px;\">Nenehatun K\u00fclt\u00fcr ve G\u00f6steri Merkezi<\/span><\/td>\n<\/tr>\n<tr>\n<td width=\"73\"><\/td>\n<td style=\"text-align: center;\" width=\"299\"><\/td>\n<td style=\"text-align: center;\" rowspan=\"2\" width=\"323\"><span style=\"font-size: 16px;\">Nenehatun K\u00fclt\u00fcr ve G\u00f6steri Merkezi<\/span><\/p>\n<p><span style=\"font-size: 16px;\">Ana Salon<\/span><\/td>\n<\/tr>\n<tr>\n<td width=\"73\">\n<p style=\"text-align: center;\"><span style=\"font-size: 16px;\">16.15<\/span><\/p>\n<p style=\"text-align: center;\"><span style=\"font-size: 16px;\">16.45<\/span><\/p>\n<\/td>\n<td style=\"text-align: center;\" width=\"299\"><span style=\"font-size: 16px;\">Sponsor Sunumlar\u0131<\/span><\/td>\n<\/tr>\n<tr>\n<td style=\"text-align: center;\" width=\"73\"><span style=\"font-size: 16px;\">17.00<\/span><br \/>\n<span style=\"font-size: 16px;\">18.00<\/span><\/td>\n<td style=\"text-align: center;\" width=\"299\"><span style=\"font-size: 16px;\">Serbest Zaman<\/span><\/td>\n<td style=\"text-align: center;\" width=\"323\"><span style=\"font-size: 16px;\">&#8212;&#8212;&#8212;&#8212;<\/span><\/td>\n<\/tr>\n<tr>\n<td width=\"73\">\n<p style=\"text-align: center;\"><span style=\"font-size: 16px;\">18.00<\/span><\/p>\n<p style=\"text-align: center;\"><span style=\"font-size: 16px;\">20.00<\/span><\/p>\n<\/td>\n<td style=\"text-align: center;\" width=\"299\"><span style=\"font-size: 16px;\">Yemek<\/span><\/td>\n<td style=\"text-align: center;\" width=\"323\"><span style=\"font-size: 16px;\">Sosyal Tesisler<\/span><\/td>\n<\/tr>\n<tr>\n<td style=\"text-align: center;\" rowspan=\"4\" width=\"142\"><span style=\"font-size: 16px;\">26 May\u0131s 2024 Pazar\u00a0<\/span><\/p>\n<p><span style=\"font-size: 13px; color: #ff0000;\">(Hava \u015fartlar\u0131na g\u00f6re g\u00fcncellenebilecektir.)<\/span><\/td>\n<td width=\"73\">\n<p style=\"text-align: center;\"><span style=\"font-size: 16px;\">07.00<\/span><\/p>\n<p style=\"text-align: center;\"><span style=\"font-size: 16px;\">09.00<\/span><\/p>\n<\/td>\n<td style=\"text-align: center;\" width=\"299\"><span style=\"font-size: 16px;\">Kahvalt\u0131<\/span><\/td>\n<td style=\"text-align: center;\" width=\"323\"><span style=\"font-size: 16px;\">Konak yerleri<\/span><\/td>\n<\/tr>\n<tr>\n<td style=\"text-align: center;\" width=\"73\"><span style=\"font-size: 16px;\">09.00<\/span><br \/>\n<span style=\"font-size: 16px;\">13.00<\/span><\/td>\n<td style=\"text-align: center;\" width=\"299\"><span style=\"font-size: 16px;\">\u015eehir Gezisi<\/span><\/td>\n<td style=\"text-align: center;\" width=\"323\"><span style=\"font-size: 16px;\">Paland\u00f6ken- Tabyalar -\u015eehir Merkezi\u00a0\u00a0<\/span><\/td>\n<\/tr>\n<\/tbody>\n<\/table>\n<p>[\/vc_column_text][\/vc_column][\/vc_row]<\/p>\n","protected":false},"excerpt":{"rendered":"<p>[vc_row][vc_column][vc_column_text] 9. Y\u00dcKSEK\u00d6\u011eRET\u0130M KURUMLARI \u00d6\u011eRENC\u0130 \u0130\u015eLER\u0130 MEVZUAT UYGULAMA VE B\u0130RL\u0130KTEL\u0130K TOPLANTI PROGRAMI (G\u00fcncelleme 24 May\u0131s 2024)\u00a0 [\/vc_column_text][\/vc_column][\/vc_row][vc_row][vc_column][vc_column_text] TAR\u0130H SAAT ETK\u0130NL\u0130K YER 24 May\u0131s 2024 Cuma Otel giri\u015fleri Konak yerleri 25 May\u0131s 2024 Cumartesi 07.00 08.30 Kahvalt\u0131 Konak yerleri 08.30 09.30 Kay\u0131t Nenehatun K\u00fclt\u00fcr ve G\u00f6steri Merkezi Ana Salon 09.30 10.00 A\u00e7\u0131l\u0131\u015f 10.00 10.30 Sunum Dijitalle\u015fme [&hellip;]<\/p>\n","protected":false},"author":1,"featured_media":0,"parent":0,"menu_order":0,"comment_status":"closed","ping_status":"closed","template":"","meta":{"footnotes":""},"class_list":["post-2218","page","type-page","status-publish","hentry"],"_links":{"self":[{"href":"https:\/\/oidb2024.atauni.edu.tr\/index.php\/wp-json\/wp\/v2\/pages\/2218","targetHints":{"allow":["GET"]}}],"collection":[{"href":"https:\/\/oidb2024.atauni.edu.tr\/index.php\/wp-json\/wp\/v2\/pages"}],"about":[{"href":"https:\/\/oidb2024.atauni.edu.tr\/index.php\/wp-json\/wp\/v2\/types\/page"}],"author":[{"embeddable":true,"href":"https:\/\/oidb2024.atauni.edu.tr\/index.php\/wp-json\/wp\/v2\/users\/1"}],"replies":[{"embeddable":true,"href":"https:\/\/oidb2024.atauni.edu.tr\/index.php\/wp-json\/wp\/v2\/comments?post=2218"}],"version-history":[{"count":62,"href":"https:\/\/oidb2024.atauni.edu.tr\/index.php\/wp-json\/wp\/v2\/pages\/2218\/revisions"}],"predecessor-version":[{"id":2537,"href":"https:\/\/oidb2024.atauni.edu.tr\/index.php\/wp-json\/wp\/v2\/pages\/2218\/revisions\/2537"}],"wp:attachment":[{"href":"https:\/\/oidb2024.atauni.edu.tr\/index.php\/wp-json\/wp\/v2\/media?parent=2218"}],"curies":[{"name":"wp","href":"https:\/\/api.w.org\/{rel}","templated":true}]}}