{"id":2221,"date":"2019-11-26T13:27:41","date_gmt":"2019-11-26T10:27:41","guid":{"rendered":"http:\/\/oidb2024.atauni.edu.tr\/?page_id=2221"},"modified":"2024-05-13T10:45:23","modified_gmt":"2024-05-13T07:45:23","slug":"davet-cagrisi","status":"publish","type":"page","link":"https:\/\/oidb2024.atauni.edu.tr\/index.php\/davet-cagrisi\/","title":{"rendered":"Davet Yaz\u0131s\u0131"},"content":{"rendered":"<p>[vc_row full_width=&#8221;stretch_row&#8221; wrap_container=&#8221;yes&#8221; no_padding=&#8221;yes&#8221; remove_margin_top=&#8221;yes&#8221; remove_margin_bottom=&#8221;yes&#8221; remove_padding_top=&#8221;yes&#8221;][vc_column][vc_single_image image=&#8221;2431&#8243; img_size=&#8221;800&#215;900&#8243; alignment=&#8221;center&#8221; zoom_icon=&#8221;yes&#8221;][\/vc_column][\/vc_row][vc_row][vc_column][vc_column_text]<\/p>\n<p style=\"text-align: left;\"><span style=\"color: #ff0000;\">Konuyla ilgili yaz\u0131ya pdf format\u0131nda ula\u015fabilmek i\u00e7in l\u00fctfen <a style=\"color: #ff0000;\" href=\"https:\/\/oidb2024.atauni.edu.tr\/wp-content\/uploads\/2023\/12\/Toplanti_Davet_Universiteler.pdf\">t\u0131klay\u0131n\u0131z.<\/a><\/span><\/p>\n<p>[\/vc_column_text][\/vc_column][\/vc_row]<\/p>\n","protected":false},"excerpt":{"rendered":"<p>[vc_row full_width=&#8221;stretch_row&#8221; wrap_container=&#8221;yes&#8221; no_padding=&#8221;yes&#8221; remove_margin_top=&#8221;yes&#8221; remove_margin_bottom=&#8221;yes&#8221; remove_padding_top=&#8221;yes&#8221;][vc_column][vc_single_image image=&#8221;2431&#8243; img_size=&#8221;800&#215;900&#8243; alignment=&#8221;center&#8221; zoom_icon=&#8221;yes&#8221;][\/vc_column][\/vc_row][vc_row][vc_column][vc_column_text] Konuyla ilgili yaz\u0131ya pdf format\u0131nda ula\u015fabilmek i\u00e7in l\u00fctfen t\u0131klay\u0131n\u0131z. [\/vc_column_text][\/vc_column][\/vc_row]<\/p>\n","protected":false},"author":1,"featured_media":0,"parent":0,"menu_order":0,"comment_status":"closed","ping_status":"closed","template":"","meta":{"footnotes":""},"class_list":["post-2221","page","type-page","status-publish","hentry"],"_links":{"self":[{"href":"https:\/\/oidb2024.atauni.edu.tr\/index.php\/wp-json\/wp\/v2\/pages\/2221","targetHints":{"allow":["GET"]}}],"collection":[{"href":"https:\/\/oidb2024.atauni.edu.tr\/index.php\/wp-json\/wp\/v2\/pages"}],"about":[{"href":"https:\/\/oidb2024.atauni.edu.tr\/index.php\/wp-json\/wp\/v2\/types\/page"}],"author":[{"embeddable":true,"href":"https:\/\/oidb2024.atauni.edu.tr\/index.php\/wp-json\/wp\/v2\/users\/1"}],"replies":[{"embeddable":true,"href":"https:\/\/oidb2024.atauni.edu.tr\/index.php\/wp-json\/wp\/v2\/comments?post=2221"}],"version-history":[{"count":23,"href":"https:\/\/oidb2024.atauni.edu.tr\/index.php\/wp-json\/wp\/v2\/pages\/2221\/revisions"}],"predecessor-version":[{"id":2495,"href":"https:\/\/oidb2024.atauni.edu.tr\/index.php\/wp-json\/wp\/v2\/pages\/2221\/revisions\/2495"}],"wp:attachment":[{"href":"https:\/\/oidb2024.atauni.edu.tr\/index.php\/wp-json\/wp\/v2\/media?parent=2221"}],"curies":[{"name":"wp","href":"https:\/\/api.w.org\/{rel}","templated":true}]}}