{"id":2224,"date":"2019-11-26T13:28:21","date_gmt":"2019-11-26T10:28:21","guid":{"rendered":"http:\/\/oidb2024.atauni.edu.tr\/?page_id=2224"},"modified":"2024-05-22T08:08:59","modified_gmt":"2024-05-22T05:08:59","slug":"ulasim","status":"publish","type":"page","link":"https:\/\/oidb2024.atauni.edu.tr\/index.php\/ulasim\/","title":{"rendered":"Konaklama Ula\u015f\u0131m"},"content":{"rendered":"<p>[vc_row][vc_column][vc_column_text]<\/p>\r\n\r\n<h1 class=\"wp-block-heading\">\u00a0<\/h1>\r\n<h1>\u00a0<\/h1>\r\n<h2 class=\"wp-block-heading has-text-align-center\" style=\"text-align: center;\"><span style=\"font-size: 40px;\">Kat\u0131l\u0131mc\u0131lar\u0131m\u0131z\u0131n;<\/span><\/h2>\r\n<h2 class=\"wp-block-heading has-text-align-center\" style=\"text-align: center;\"><span style=\"font-size: 40px;\"><br \/><span style=\"color: #ff0000;\"><strong>Konaklama<\/strong> <\/span>yerlerine ait<span style=\"color: #000000;\"> bilgileri ken<\/span>dilerine SMS olarak bildirilmi\u015ftir.<\/span><\/h2>\r\n<h2>\u00a0<\/h2>\r\n<h2 class=\"wp-block-heading has-text-align-center\" style=\"text-align: center;\"><span style=\"font-size: 40px;\">Havaalan\u0131 veya otob\u00fcs terminalinden <span style=\"color: #ff0000;\"><span style=\"color: #000000;\">konaklama yerlerine<\/span><\/span><strong><span style=\"color: #ff0000;\"> ula\u015f\u0131mlar\u0131 <\/span><\/strong>kendilerinden al\u0131nan seyahat bilgilerine g\u00f6re \u00dcniversitemiz taraf\u0131ndan sa\u011flanacakt\u0131r.<\/span><\/h2>\r\n<h1 class=\"wp-block-heading has-text-align-center\"><\/h1>\r\n<p>&nbsp;<\/p>\r\n<p><!-- \/wp:post-content -->\u00a0<\/p>\r\n<p>[\/vc_column_text][\/vc_column][\/vc_row]<\/p>","protected":false},"excerpt":{"rendered":"<p>[vc_row][vc_column][vc_column_text] \u00a0 \u00a0 Kat\u0131l\u0131mc\u0131lar\u0131m\u0131z\u0131n; Konaklama yerlerine ait bilgileri kendilerine SMS olarak bildirilmi\u015ftir. \u00a0 Havaalan\u0131 veya otob\u00fcs terminalinden konaklama yerlerine ula\u015f\u0131mlar\u0131 kendilerinden al\u0131nan seyahat bilgilerine g\u00f6re \u00dcniversitemiz taraf\u0131ndan sa\u011flanacakt\u0131r. &nbsp; \u00a0 [\/vc_column_text][\/vc_column][\/vc_row]<\/p>\n","protected":false},"author":1,"featured_media":0,"parent":0,"menu_order":0,"comment_status":"closed","ping_status":"closed","template":"","meta":{"footnotes":""},"class_list":["post-2224","page","type-page","status-publish","hentry"],"_links":{"self":[{"href":"https:\/\/oidb2024.atauni.edu.tr\/index.php\/wp-json\/wp\/v2\/pages\/2224","targetHints":{"allow":["GET"]}}],"collection":[{"href":"https:\/\/oidb2024.atauni.edu.tr\/index.php\/wp-json\/wp\/v2\/pages"}],"about":[{"href":"https:\/\/oidb2024.atauni.edu.tr\/index.php\/wp-json\/wp\/v2\/types\/page"}],"author":[{"embeddable":true,"href":"https:\/\/oidb2024.atauni.edu.tr\/index.php\/wp-json\/wp\/v2\/users\/1"}],"replies":[{"embeddable":true,"href":"https:\/\/oidb2024.atauni.edu.tr\/index.php\/wp-json\/wp\/v2\/comments?post=2224"}],"version-history":[{"count":21,"href":"https:\/\/oidb2024.atauni.edu.tr\/index.php\/wp-json\/wp\/v2\/pages\/2224\/revisions"}],"predecessor-version":[{"id":2519,"href":"https:\/\/oidb2024.atauni.edu.tr\/index.php\/wp-json\/wp\/v2\/pages\/2224\/revisions\/2519"}],"wp:attachment":[{"href":"https:\/\/oidb2024.atauni.edu.tr\/index.php\/wp-json\/wp\/v2\/media?parent=2224"}],"curies":[{"name":"wp","href":"https:\/\/api.w.org\/{rel}","templated":true}]}}