{"id":2227,"date":"2019-11-26T13:28:53","date_gmt":"2019-11-26T10:28:53","guid":{"rendered":"http:\/\/oidb2024.atauni.edu.tr\/?page_id=2227"},"modified":"2023-12-27T09:05:46","modified_gmt":"2023-12-27T06:05:46","slug":"iletisim","status":"publish","type":"page","link":"https:\/\/oidb2024.atauni.edu.tr\/index.php\/iletisim\/","title":{"rendered":"\u0130leti\u015fim"},"content":{"rendered":"<p>[vc_row][vc_column][vc_empty_space height=&#8221;60px&#8221;][\/vc_column][\/vc_row][vc_row][vc_column width=&#8221;1\/2&#8243;][vc_column_text]<\/p>\n<h3><strong>Adres Bilgileri<\/strong><\/h3>\n<p>[\/vc_column_text][vc_column_text]<\/p>\n<h4 class=\"bilgiler\"><strong>Adres:\u00a0 <\/strong>Atat\u00fcrk \u00dcniversitesi \u00d6\u011frenci \u0130\u015fleri Binas\u0131<\/h4>\n<h4 class=\"bilgiler\"><strong>E-Posta: \u00a0<\/strong><a href=\"mailto:oidb2024@atauni.edu.tr\">oidb2024@atauni.edu.tr<\/a><\/h4>\n<h4 class=\"bilgiler\"><strong>Telefon: \u00a0<\/strong><a href=\"tel:90442231 1404\">+90 442 231 1404<\/a><\/h4>\n<h4 class=\"bilgiler\"><strong>Telefon: <\/strong><a href=\"tel:90442231 1404\">+90 442 231 1407<\/a><\/h4>\n<p>[\/vc_column_text][\/vc_column][vc_column width=&#8221;1\/2&#8243;][\/vc_column][\/vc_row][vc_row][vc_column][vc_gmaps link=&#8221;#E-8_JTNDaWZyYW1lJTIwc3JjJTNEJTIyaHR0cHMlM0ElMkYlMkZ3d3cuZ29vZ2xlLmNvbSUyRm1hcHMlMkZlbWJlZCUzRnBiJTNEJTIxMW0xNCUyMTFtOCUyMTFtMyUyMTFkODEwNS42NTY4NjU5ODM3Njg1JTIxMmQ0MS4yNDQ1MDMzMDM5MTg5MiUyMTNkMzkuOTAwMTQ3NDMxMjUyODElMjEzbTIlMjExaTEwMjQlMjEyaTc2OCUyMTRmMTMuMSUyMTNtMyUyMTFtMiUyMTFzMHgwJTI1M0EweDIxNDJmMjE1NzZkZTU0NSUyMTJzQXRhdCUyNUMzJTI1QkNyayUyNTIwJTI1QzMlMjU5Q25pdmVyc2l0ZXNpJTIxNWUwJTIxM20yJTIxMXN0ciUyMTJzdHIlMjE0djE1NzcxNzI3NzM5NjElMjE1bTIlMjExc3RyJTIxMnN0ciUyMiUyMHdpZHRoJTNEJTIyNjAwJTIyJTIwaGVpZ2h0JTNEJTIyNDUwJTIyJTIwZnJhbWVib3JkZXIlM0QlMjIwJTIyJTIwc3R5bGUlM0QlMjJib3JkZXIlM0EwJTNCJTIyJTIwYWxsb3dmdWxsc2NyZWVuJTNEJTIyJTIyJTNFJTNDJTJGaWZyYW1lJTNF&#8221;][\/vc_column][\/vc_row]<\/p>\n","protected":false},"excerpt":{"rendered":"<p>[vc_row][vc_column][vc_empty_space height=&#8221;60px&#8221;][\/vc_column][\/vc_row][vc_row][vc_column width=&#8221;1\/2&#8243;][vc_column_text] Adres Bilgileri [\/vc_column_text][vc_column_text] Adres:\u00a0 Atat\u00fcrk \u00dcniversitesi \u00d6\u011frenci \u0130\u015fleri Binas\u0131 E-Posta: \u00a0oidb2024@atauni.edu.tr Telefon: \u00a0+90 442 231 1404 Telefon: +90 442 231 1407 [\/vc_column_text][\/vc_column][vc_column width=&#8221;1\/2&#8243;][\/vc_column][\/vc_row][vc_row][vc_column][vc_gmaps link=&#8221;#E-8_JTNDaWZyYW1lJTIwc3JjJTNEJTIyaHR0cHMlM0ElMkYlMkZ3d3cuZ29vZ2xlLmNvbSUyRm1hcHMlMkZlbWJlZCUzRnBiJTNEJTIxMW0xNCUyMTFtOCUyMTFtMyUyMTFkODEwNS42NTY4NjU5ODM3Njg1JTIxMmQ0MS4yNDQ1MDMzMDM5MTg5MiUyMTNkMzkuOTAwMTQ3NDMxMjUyODElMjEzbTIlMjExaTEwMjQlMjEyaTc2OCUyMTRmMTMuMSUyMTNtMyUyMTFtMiUyMTFzMHgwJTI1M0EweDIxNDJmMjE1NzZkZTU0NSUyMTJzQXRhdCUyNUMzJTI1QkNyayUyNTIwJTI1QzMlMjU5Q25pdmVyc2l0ZXNpJTIxNWUwJTIxM20yJTIxMXN0ciUyMTJzdHIlMjE0djE1NzcxNzI3NzM5NjElMjE1bTIlMjExc3RyJTIxMnN0ciUyMiUyMHdpZHRoJTNEJTIyNjAwJTIyJTIwaGVpZ2h0JTNEJTIyNDUwJTIyJTIwZnJhbWVib3JkZXIlM0QlMjIwJTIyJTIwc3R5bGUlM0QlMjJib3JkZXIlM0EwJTNCJTIyJTIwYWxsb3dmdWxsc2NyZWVuJTNEJTIyJTIyJTNFJTNDJTJGaWZyYW1lJTNF&#8221;][\/vc_column][\/vc_row]<\/p>\n","protected":false},"author":1,"featured_media":0,"parent":0,"menu_order":0,"comment_status":"closed","ping_status":"closed","template":"","meta":{"footnotes":""},"class_list":["post-2227","page","type-page","status-publish","hentry"],"_links":{"self":[{"href":"https:\/\/oidb2024.atauni.edu.tr\/index.php\/wp-json\/wp\/v2\/pages\/2227","targetHints":{"allow":["GET"]}}],"collection":[{"href":"https:\/\/oidb2024.atauni.edu.tr\/index.php\/wp-json\/wp\/v2\/pages"}],"about":[{"href":"https:\/\/oidb2024.atauni.edu.tr\/index.php\/wp-json\/wp\/v2\/types\/page"}],"author":[{"embeddable":true,"href":"https:\/\/oidb2024.atauni.edu.tr\/index.php\/wp-json\/wp\/v2\/users\/1"}],"replies":[{"embeddable":true,"href":"https:\/\/oidb2024.atauni.edu.tr\/index.php\/wp-json\/wp\/v2\/comments?post=2227"}],"version-history":[{"count":13,"href":"https:\/\/oidb2024.atauni.edu.tr\/index.php\/wp-json\/wp\/v2\/pages\/2227\/revisions"}],"predecessor-version":[{"id":2442,"href":"https:\/\/oidb2024.atauni.edu.tr\/index.php\/wp-json\/wp\/v2\/pages\/2227\/revisions\/2442"}],"wp:attachment":[{"href":"https:\/\/oidb2024.atauni.edu.tr\/index.php\/wp-json\/wp\/v2\/media?parent=2227"}],"curies":[{"name":"wp","href":"https:\/\/api.w.org\/{rel}","templated":true}]}}