{"id":2233,"date":"2019-11-26T13:30:32","date_gmt":"2019-11-26T10:30:32","guid":{"rendered":"http:\/\/oidb2024.atauni.edu.tr\/?page_id=2233"},"modified":"2024-12-13T13:38:02","modified_gmt":"2024-12-13T10:38:02","slug":"sunu-galeri","status":"publish","type":"page","link":"https:\/\/oidb2024.atauni.edu.tr\/index.php\/sunu-galeri\/","title":{"rendered":"Sunular &amp; Haberler"},"content":{"rendered":"\n<h2 class=\"wp-block-heading\"><\/h2>\n\n\n\n<div class=\"wp-block-group\"><div class=\"wp-block-group__inner-container is-layout-constrained wp-block-group-is-layout-constrained\">\n<h1>\u00a0<\/h1>\n<p style=\"text-align: center;\"><span style=\"font-size: 25px;\"><a href=\"https:\/\/oidb2024.atauni.edu.tr\/wp-content\/uploads\/2024\/05\/YOK_BILGI-ISLEM_25052024.pdf\">Y\u00fcksek\u00f6\u011fretim Kurulu Bilgi \u0130\u015flem Dairesi Ba\u015fkanl\u0131\u011f\u0131<\/a><\/span><\/p>\n<p style=\"text-align: center;\"><span style=\"font-size: 25px;\"><a href=\"https:\/\/oidb2024.atauni.edu.tr\/wp-content\/uploads\/2024\/05\/MSB_ASAL_25052024.pdf\">Milli Savunma Bakanl\u0131\u011f\u0131 Asker Alma Genel M\u00fcd\u00fcrl\u00fc\u011f\u00fc<\/a><\/span><\/p>\n<p style=\"text-align: center;\"><a href=\"https:\/\/oidb2024.atauni.edu.tr\/wp-content\/uploads\/2024\/05\/ATATURK-UNIVERSITESI_25052024.pdf\"><span style=\"font-size: 25px;\">Atat\u00fcrk \u00dcniversitesi Bilgisayar Bilimleri Ara\u015ft\u0131rma ve Uygulama Merkezi<\/span><\/a><\/p>\n<p style=\"text-align: center;\"><span style=\"font-size: 25px;\">Diploma \u00d6rne\u011fi (<a href=\"https:\/\/oidb2024.atauni.edu.tr\/wp-content\/uploads\/2024\/05\/Doktora-Diplomasi_Sayfa_1-scaled.jpg\">\u00d6n y\u00fcz<\/a> &amp; <a href=\"https:\/\/oidb2024.atauni.edu.tr\/wp-content\/uploads\/2024\/05\/Doktora-Diplomasi_Sayfa_2-scaled.jpg\">Arka y\u00fcz<\/a>) <\/span><\/p>\n<p style=\"text-align: center;\"><span style=\"font-size: 25px;\">Diploma Eki \u00d6rne\u011fi (<a href=\"https:\/\/oidb2024.atauni.edu.tr\/wp-content\/uploads\/2024\/05\/Lisans-Diploma-Eki_Sayfa_1-scaled.jpg\">D\u0131\u015f y\u00fcz<\/a> &amp; <a href=\"https:\/\/oidb2024.atauni.edu.tr\/wp-content\/uploads\/2024\/05\/Lisans-Diploma-Eki_Sayfa_2-scaled.jpg\">\u0130\u00e7 y\u00fcz<\/a>)<\/span><\/p>\n<p>\u00a0<\/p>\n<p>\u00a0<\/p>\n<p style=\"text-align: center;\"><span style=\"font-size: 25px;\">\u00a0<\/span><\/p>\n<\/div><\/div>\n\n\n\n<p><\/p>\n\n\n\n<p><\/p>\n\n\n\n<p><\/p>\n\n\n\n<p><\/p>\n\n\n\n<p><\/p>\n\n\n\n<p>HABERLER<br><br>Haberler.com <a href=\"https:\/\/www.haberler.com\/yerel\/ataturk-universitesi-ev-sahipliginde-150-17364177-haberi\/\">https:\/\/www.haberler.com\/yerel\/ataturk-universitesi-ev-sahipliginde-150-17364177-haberi\/<\/a><br><br>\u0130hlas Haber <a href=\"https:\/\/www.iha.com.tr\/erzurum-haberleri\/ataturk-universitesi-ev-sahipliginde-150-universitenin-katilimiyla-ogrenci-isleri-toplantisi-gerceklesti-85534165\">https:\/\/www.iha.com.tr\/erzurum-haberleri\/ataturk-universitesi-ev-sahipliginde-150-universitenin-katilimiyla-ogrenci-isleri-toplantisi-gerceklesti-85534165<\/a><br><br>Son Dakika Haber <a href=\"https:\/\/www.sondakika.com\/yerel\/haber-yuksekogretimde-ogrenci-isleri-mevzuat-uygulama-bi-17364180\">https:\/\/www.sondakika.com\/yerel\/haber-yuksekogretimde-ogrenci-isleri-mevzuat-uygulama-bi-17364180<\/a><\/p>\n\n\n\n<p>Artvin \u00c7oruh \u00dcniversitesi <a href=\"https:\/\/oidb.artvin.edu.tr\/tr\/haber\/mevzuat-uygulama-birliktelik-toplantisi\">https:\/\/oidb.artvin.edu.tr\/tr\/haber\/mevzuat-uygulama-birliktelik-toplantisi<\/a><\/p>\n\n\n\n<p>Bayburt \u00dcniversitesi <a href=\"https:\/\/www.bayburt.edu.tr\/tr\/mevzuat-uygulama-birliktelik-9-toplantisi\">https:\/\/www.bayburt.edu.tr\/tr\/mevzuat-uygulama-birliktelik-9-toplantisi<\/a><\/p>\n\n\n\n<p>Kocaeli \u00dcniversitesi <a href=\"https:\/\/odb.kocaeli.edu.tr\/haberler\/9-yuksekogretim-kurumlari-ogrenci-isleri-mevzuat-uygulama-ve-birliktelik-toplantisi-efd\">https:\/\/odb.kocaeli.edu.tr\/haberler\/9-yuksekogretim-kurumlari-ogrenci-isleri-mevzuat-uygulama-ve-birliktelik-toplantisi-efd<\/a><\/p>\n\n\n\n<p>Mu\u015f Alpaslan \u00dcniversitesi <a href=\"https:\/\/ogrenci.alparslan.edu.tr\/tr\/news-detail\/3299\">https:\/\/ogrenci.alparslan.edu.tr\/tr\/news-detail\/3299<\/a><\/p>\n\n\n\n<p>Trabzon \u00dcniversitesi <a href=\"https:\/\/oidb.trabzon.edu.tr\/Haber\/2309\/9-yuksekogretim-kurumlari-ogrenci-isleri-mevzuat-uygulama-ve-birliktelik-toplantisi\">https:\/\/oidb.trabzon.edu.tr\/Haber\/2309\/9-yuksekogretim-kurumlari-ogrenci-isleri-mevzuat-uygulama-ve-birliktelik-toplantisi<\/a><\/p>\n\n\n\n<p>U\u015fak \u00dcniversitesi <a href=\"https:\/\/ogrenci.usak.edu.tr\/haber\/9924\">https:\/\/ogrenci.usak.edu.tr\/haber\/9924<\/a><\/p>\n\n\n\n<p>Van Y\u00fcz\u00fcnc\u00fc Y\u0131l \u00dcniversitesi <a href=\"https:\/\/www.yyu.edu.tr\/Birimler\/oidb\/mansetler\/9yuksekogretim-kurumlari-ogrenci-isleri-mevzuat-uygulama-ve-birliktelik-toplantisi\/6545\">https:\/\/www.yyu.edu.tr\/Birimler\/oidb\/mansetler\/9yuksekogretim-kurumlari-ogrenci-isleri-mevzuat-uygulama-ve-birliktelik-toplantisi\/6545<\/a><\/p>\n\n\n\n<p><\/p>\n\n\n\n<p><\/p>\n\n\n\n<p><\/p>\n\n\n\n<p><\/p>\n\n\n\n<p><\/p>\n\n\n\n<p><\/p>\n\n\n\n<p><\/p>\n","protected":false},"excerpt":{"rendered":"<p>\u00a0 Y\u00fcksek\u00f6\u011fretim Kurulu Bilgi \u0130\u015flem Dairesi Ba\u015fkanl\u0131\u011f\u0131 Milli Savunma Bakanl\u0131\u011f\u0131 Asker Alma Genel M\u00fcd\u00fcrl\u00fc\u011f\u00fc Atat\u00fcrk \u00dcniversitesi Bilgisayar Bilimleri Ara\u015ft\u0131rma ve Uygulama Merkezi Diploma \u00d6rne\u011fi (\u00d6n y\u00fcz &amp; Arka y\u00fcz) Diploma Eki \u00d6rne\u011fi (D\u0131\u015f y\u00fcz &amp; \u0130\u00e7 y\u00fcz) \u00a0 \u00a0 \u00a0 HABERLER Haberler.com https:\/\/www.haberler.com\/yerel\/ataturk-universitesi-ev-sahipliginde-150-17364177-haberi\/ \u0130hlas Haber https:\/\/www.iha.com.tr\/erzurum-haberleri\/ataturk-universitesi-ev-sahipliginde-150-universitenin-katilimiyla-ogrenci-isleri-toplantisi-gerceklesti-85534165 Son Dakika Haber https:\/\/www.sondakika.com\/yerel\/haber-yuksekogretimde-ogrenci-isleri-mevzuat-uygulama-bi-17364180 Artvin \u00c7oruh \u00dcniversitesi https:\/\/oidb.artvin.edu.tr\/tr\/haber\/mevzuat-uygulama-birliktelik-toplantisi Bayburt [&hellip;]<\/p>\n","protected":false},"author":1,"featured_media":0,"parent":0,"menu_order":0,"comment_status":"closed","ping_status":"closed","template":"","meta":{"footnotes":""},"class_list":["post-2233","page","type-page","status-publish","hentry"],"_links":{"self":[{"href":"https:\/\/oidb2024.atauni.edu.tr\/index.php\/wp-json\/wp\/v2\/pages\/2233","targetHints":{"allow":["GET"]}}],"collection":[{"href":"https:\/\/oidb2024.atauni.edu.tr\/index.php\/wp-json\/wp\/v2\/pages"}],"about":[{"href":"https:\/\/oidb2024.atauni.edu.tr\/index.php\/wp-json\/wp\/v2\/types\/page"}],"author":[{"embeddable":true,"href":"https:\/\/oidb2024.atauni.edu.tr\/index.php\/wp-json\/wp\/v2\/users\/1"}],"replies":[{"embeddable":true,"href":"https:\/\/oidb2024.atauni.edu.tr\/index.php\/wp-json\/wp\/v2\/comments?post=2233"}],"version-history":[{"count":22,"href":"https:\/\/oidb2024.atauni.edu.tr\/index.php\/wp-json\/wp\/v2\/pages\/2233\/revisions"}],"predecessor-version":[{"id":2716,"href":"https:\/\/oidb2024.atauni.edu.tr\/index.php\/wp-json\/wp\/v2\/pages\/2233\/revisions\/2716"}],"wp:attachment":[{"href":"https:\/\/oidb2024.atauni.edu.tr\/index.php\/wp-json\/wp\/v2\/media?parent=2233"}],"curies":[{"name":"wp","href":"https:\/\/api.w.org\/{rel}","templated":true}]}}